{"id":26316,"date":"2024-05-08T01:56:04","date_gmt":"2024-05-08T01:56:04","guid":{"rendered":"https:\/\/suatshirtpersonalizadafas.com.br\/jaslin\/?post_type=product&#038;p=26316"},"modified":"2024-05-08T01:56:53","modified_gmt":"2024-05-08T01:56:53","slug":"mousepad-maiara-e-maraisa-marilia-mendonca-as-patroas-quero-voce-do-jeito-que-quiser","status":"publish","type":"product","link":"https:\/\/suatshirtpersonalizadafas.com.br\/jaslin\/loja\/mousepad-maiara-e-maraisa-marilia-mendonca-as-patroas-quero-voce-do-jeito-que-quiser","title":{"rendered":"Mousepad Maiara e Maraisa, Mar\u00edlia Mendon\u00e7a As Patroas Quero Voc\u00ea do Jeito Que Quiser"},"content":{"rendered":"<ul>\n<li><em>Enviamos para todo o Brasil.<\/em><\/li>\n<\/ul>\n","protected":false},"excerpt":{"rendered":"<p>Enviamos para todo o Brasil.<\/p>\n","protected":false},"featured_media":26319,"comment_status":"open","ping_status":"closed","template":"","meta":{"_joinchat":[]},"product_brand":[],"product_cat":[23],"product_tag":[],"class_list":{"0":"post-26316","1":"product","2":"type-product","3":"status-publish","4":"has-post-thumbnail","6":"product_cat-mousepad","8":"first","9":"instock","10":"taxable","11":"shipping-taxable","12":"purchasable","13":"product-type-variable"},"_links":{"self":[{"href":"https:\/\/suatshirtpersonalizadafas.com.br\/jaslin\/wp-json\/wp\/v2\/product\/26316","targetHints":{"allow":["GET"]}}],"collection":[{"href":"https:\/\/suatshirtpersonalizadafas.com.br\/jaslin\/wp-json\/wp\/v2\/product"}],"about":[{"href":"https:\/\/suatshirtpersonalizadafas.com.br\/jaslin\/wp-json\/wp\/v2\/types\/product"}],"replies":[{"embeddable":true,"href":"https:\/\/suatshirtpersonalizadafas.com.br\/jaslin\/wp-json\/wp\/v2\/comments?post=26316"}],"wp:featuredmedia":[{"embeddable":true,"href":"https:\/\/suatshirtpersonalizadafas.com.br\/jaslin\/wp-json\/wp\/v2\/media\/26319"}],"wp:attachment":[{"href":"https:\/\/suatshirtpersonalizadafas.com.br\/jaslin\/wp-json\/wp\/v2\/media?parent=26316"}],"wp:term":[{"taxonomy":"product_brand","embeddable":true,"href":"https:\/\/suatshirtpersonalizadafas.com.br\/jaslin\/wp-json\/wp\/v2\/product_brand?post=26316"},{"taxonomy":"product_cat","embeddable":true,"href":"https:\/\/suatshirtpersonalizadafas.com.br\/jaslin\/wp-json\/wp\/v2\/product_cat?post=26316"},{"taxonomy":"product_tag","embeddable":true,"href":"https:\/\/suatshirtpersonalizadafas.com.br\/jaslin\/wp-json\/wp\/v2\/product_tag?post=26316"}],"curies":[{"name":"wp","href":"https:\/\/api.w.org\/{rel}","templated":true}]}}