{"id":29744,"date":"2024-10-10T03:16:24","date_gmt":"2024-10-10T03:16:24","guid":{"rendered":"https:\/\/suatshirtpersonalizadafas.com.br\/jaslin\/?post_type=product&#038;p=29744"},"modified":"2025-04-30T01:33:28","modified_gmt":"2025-04-30T01:33:28","slug":"regata-escolha-sua-estampa-poliester-dry-fit","status":"publish","type":"product","link":"https:\/\/suatshirtpersonalizadafas.com.br\/jaslin\/loja\/regata-escolha-sua-estampa-poliester-dry-fit","title":{"rendered":"Regata &#8211; Escolha sua estampa (Poli\u00e9ster Dry Fit)"},"content":{"rendered":"<p><strong>Modelo:<\/strong> Regata <em>(Unissex)<\/em><br \/>\n<strong>Tecido:<\/strong> Poli\u00e9ster Dry fit<br \/>\n<strong>Tamanho:<\/strong> P ao G4<br \/>\n*Estampa na frente e atr\u00e1s<br \/>\n*Acabamento em preto<\/p>\n<p><strong>Obs.: Veja seu tamanho e qualidade da imagem, produtos personalizados n\u00e3o ter\u00e1 troca.<\/strong><\/p>\n<p>N\u00e3o fa\u00e7o desenhos, ser\u00e1 a imagem sem modifica\u00e7\u00f5es!<\/p>\n<p>Envie a imagem no email jaslin.store@gmail.com (Ap\u00f3s a compra com seu nome completo).<\/p>\n<ul>\n<li><em>Enviamos para todo o Brasil.<\/em><\/li>\n<\/ul>\n","protected":false},"excerpt":{"rendered":"<p>Modelo: Regata (Unissex) Tecido: Poli\u00e9ster Dry fit Tamanho: P ao G4 *Estampa na frente e atr\u00e1s *Acabamento em preto Obs.: Veja seu tamanho e qualidade da imagem, produtos personalizados n\u00e3o ter\u00e1 troca. N\u00e3o fa\u00e7o desenhos, ser\u00e1 a imagem sem modifica\u00e7\u00f5es! <a href=\"https:\/\/suatshirtpersonalizadafas.com.br\/jaslin\/loja\/regata-escolha-sua-estampa-poliester-dry-fit\"> Read more&#8230;<\/a><\/p>\n","protected":false},"featured_media":29751,"comment_status":"open","ping_status":"closed","template":"","meta":{"_joinchat":[]},"product_brand":[],"product_cat":[67],"product_tag":[],"class_list":{"0":"post-29744","1":"product","2":"type-product","3":"status-publish","4":"has-post-thumbnail","6":"product_cat-regata","8":"first","9":"instock","10":"taxable","11":"shipping-taxable","12":"purchasable","13":"product-type-variable"},"_links":{"self":[{"href":"https:\/\/suatshirtpersonalizadafas.com.br\/jaslin\/wp-json\/wp\/v2\/product\/29744","targetHints":{"allow":["GET"]}}],"collection":[{"href":"https:\/\/suatshirtpersonalizadafas.com.br\/jaslin\/wp-json\/wp\/v2\/product"}],"about":[{"href":"https:\/\/suatshirtpersonalizadafas.com.br\/jaslin\/wp-json\/wp\/v2\/types\/product"}],"replies":[{"embeddable":true,"href":"https:\/\/suatshirtpersonalizadafas.com.br\/jaslin\/wp-json\/wp\/v2\/comments?post=29744"}],"wp:featuredmedia":[{"embeddable":true,"href":"https:\/\/suatshirtpersonalizadafas.com.br\/jaslin\/wp-json\/wp\/v2\/media\/29751"}],"wp:attachment":[{"href":"https:\/\/suatshirtpersonalizadafas.com.br\/jaslin\/wp-json\/wp\/v2\/media?parent=29744"}],"wp:term":[{"taxonomy":"product_brand","embeddable":true,"href":"https:\/\/suatshirtpersonalizadafas.com.br\/jaslin\/wp-json\/wp\/v2\/product_brand?post=29744"},{"taxonomy":"product_cat","embeddable":true,"href":"https:\/\/suatshirtpersonalizadafas.com.br\/jaslin\/wp-json\/wp\/v2\/product_cat?post=29744"},{"taxonomy":"product_tag","embeddable":true,"href":"https:\/\/suatshirtpersonalizadafas.com.br\/jaslin\/wp-json\/wp\/v2\/product_tag?post=29744"}],"curies":[{"name":"wp","href":"https:\/\/api.w.org\/{rel}","templated":true}]}}